{"id":281,"date":"2026-02-08T15:26:07","date_gmt":"2026-02-08T15:26:07","guid":{"rendered":"https:\/\/tiendacosmica.cl\/?post_type=product&#038;p=281"},"modified":"2026-02-25T15:08:21","modified_gmt":"2026-02-25T15:08:21","slug":"collar-venus","status":"publish","type":"product","link":"https:\/\/tiendacosmica.cl\/index.php\/producto\/collar-venus\/","title":{"rendered":"Collar Venus"},"content":{"rendered":"<p>Collar hecho a mano de apatita facetada, \u00e1gata celeste corte liso, \u00e1gata vena de drag\u00f3n, ojo de tigre azul verdoso, \u00e1gatas facetadas y \u00e1gatas celestes corte rectangular con bordes redondeados. Broches de acero inoxidable 304 plateado.<\/p>\n<p>Longitud del collar: 47cm. Ajustes de tama\u00f1o sin costo adicional.<\/p>\n","protected":false},"excerpt":{"rendered":"<p>Collar hecho a mano de apatita facetada, \u00e1gata celeste corte liso, \u00e1gata vena de drag\u00f3n, ojo de tigre azul verdoso, \u00e1gatas facetadas y \u00e1gatas celestes corte rectangular con bordes redondeados.<\/p>\n","protected":false},"featured_media":282,"comment_status":"open","ping_status":"closed","template":"","meta":[],"product_brand":[],"product_cat":[20,42,36,30,21],"product_tag":[29],"class_list":{"0":"post-281","1":"product","2":"type-product","3":"status-publish","4":"has-post-thumbnail","6":"product_cat-acero-inox304","7":"product_cat-coleccion-planetaria","8":"product_cat-collares","9":"product_cat-hecho-a-mano","10":"product_cat-piedras-naturales","11":"product_tag-destacado","13":"first","14":"instock","15":"sale","16":"shipping-taxable","17":"purchasable","18":"product-type-simple"},"yoast_head":"<!-- This site is optimized with the Yoast SEO plugin v27.5 - https:\/\/yoast.com\/product\/yoast-seo-wordpress\/ -->\n<title>Collar Venus - C\u00f3smica Joyas y Accesorios<\/title>\n<meta name=\"description\" content=\"Collar hecho a mano con piedras naturales de apatita, ojo de tigre y \u00e1gatas en tonos azul verdoso. Broches de acero inoxidable. Joyas y accesorios.\" \/>\n<meta name=\"robots\" content=\"index, follow, max-snippet:-1, max-image-preview:large, max-video-preview:-1\" \/>\n<link rel=\"canonical\" href=\"https:\/\/tiendacosmica.cl\/index.php\/producto\/collar-venus\/\" \/>\n<meta property=\"og:locale\" content=\"es_ES\" \/>\n<meta property=\"og:type\" content=\"article\" \/>\n<meta property=\"og:title\" content=\"Collar Venus - C\u00f3smica Joyas y Accesorios\" \/>\n<meta property=\"og:description\" content=\"Collar hecho a mano con piedras naturales de apatita, ojo de tigre y \u00e1gatas en tonos azul verdoso. Broches de acero inoxidable. Joyas y accesorios.\" \/>\n<meta property=\"og:url\" content=\"https:\/\/tiendacosmica.cl\/index.php\/producto\/collar-venus\/\" \/>\n<meta property=\"og:site_name\" content=\"C\u00f3smica Joyas y Accesorios\" \/>\n<meta property=\"article:modified_time\" content=\"2026-02-25T15:08:21+00:00\" \/>\n<meta property=\"og:image\" content=\"https:\/\/tiendacosmica.cl\/wp-content\/uploads\/2026\/02\/collar-venus.jpg\" \/>\n\t<meta property=\"og:image:width\" content=\"1664\" \/>\n\t<meta property=\"og:image:height\" content=\"1541\" \/>\n\t<meta property=\"og:image:type\" content=\"image\/jpeg\" \/>\n<meta name=\"twitter:card\" content=\"summary_large_image\" \/>\n<meta name=\"twitter:label1\" content=\"Tiempo de lectura\" \/>\n\t<meta name=\"twitter:data1\" content=\"1 minuto\" \/>\n<script type=\"application\/ld+json\" class=\"yoast-schema-graph\">{\"@context\":\"https:\\\/\\\/schema.org\",\"@graph\":[{\"@type\":\"WebPage\",\"@id\":\"https:\\\/\\\/tiendacosmica.cl\\\/index.php\\\/producto\\\/collar-venus\\\/\",\"url\":\"https:\\\/\\\/tiendacosmica.cl\\\/index.php\\\/producto\\\/collar-venus\\\/\",\"name\":\"Collar Venus - C\u00f3smica Joyas y Accesorios\",\"isPartOf\":{\"@id\":\"https:\\\/\\\/tiendacosmica.cl\\\/#website\"},\"primaryImageOfPage\":{\"@id\":\"https:\\\/\\\/tiendacosmica.cl\\\/index.php\\\/producto\\\/collar-venus\\\/#primaryimage\"},\"image\":{\"@id\":\"https:\\\/\\\/tiendacosmica.cl\\\/index.php\\\/producto\\\/collar-venus\\\/#primaryimage\"},\"thumbnailUrl\":\"https:\\\/\\\/tiendacosmica.cl\\\/wp-content\\\/uploads\\\/2026\\\/02\\\/collar-venus.jpg\",\"datePublished\":\"2026-02-08T15:26:07+00:00\",\"dateModified\":\"2026-02-25T15:08:21+00:00\",\"description\":\"Collar hecho a mano con piedras naturales de apatita, ojo de tigre y \u00e1gatas en tonos azul verdoso. Broches de acero inoxidable. Joyas y accesorios.\",\"breadcrumb\":{\"@id\":\"https:\\\/\\\/tiendacosmica.cl\\\/index.php\\\/producto\\\/collar-venus\\\/#breadcrumb\"},\"inLanguage\":\"es\",\"potentialAction\":[{\"@type\":\"ReadAction\",\"target\":[\"https:\\\/\\\/tiendacosmica.cl\\\/index.php\\\/producto\\\/collar-venus\\\/\"]}]},{\"@type\":\"ImageObject\",\"inLanguage\":\"es\",\"@id\":\"https:\\\/\\\/tiendacosmica.cl\\\/index.php\\\/producto\\\/collar-venus\\\/#primaryimage\",\"url\":\"https:\\\/\\\/tiendacosmica.cl\\\/wp-content\\\/uploads\\\/2026\\\/02\\\/collar-venus.jpg\",\"contentUrl\":\"https:\\\/\\\/tiendacosmica.cl\\\/wp-content\\\/uploads\\\/2026\\\/02\\\/collar-venus.jpg\",\"width\":1664,\"height\":1541,\"caption\":\"Collar Venus\"},{\"@type\":\"BreadcrumbList\",\"@id\":\"https:\\\/\\\/tiendacosmica.cl\\\/index.php\\\/producto\\\/collar-venus\\\/#breadcrumb\",\"itemListElement\":[{\"@type\":\"ListItem\",\"position\":1,\"name\":\"Portada\",\"item\":\"https:\\\/\\\/tiendacosmica.cl\\\/\"},{\"@type\":\"ListItem\",\"position\":2,\"name\":\"Productos\",\"item\":\"https:\\\/\\\/tiendacosmica.cl\\\/index.php\\\/productos\\\/\"},{\"@type\":\"ListItem\",\"position\":3,\"name\":\"Collar Venus\"}]},{\"@type\":\"WebSite\",\"@id\":\"https:\\\/\\\/tiendacosmica.cl\\\/#website\",\"url\":\"https:\\\/\\\/tiendacosmica.cl\\\/\",\"name\":\"C\u00f3smica Joyas y Accesorios\",\"description\":\"Tienda de joyer\u00eda con piedras naturales y accesorios. Hecho a mano.\",\"publisher\":{\"@id\":\"https:\\\/\\\/tiendacosmica.cl\\\/#organization\"},\"potentialAction\":[{\"@type\":\"SearchAction\",\"target\":{\"@type\":\"EntryPoint\",\"urlTemplate\":\"https:\\\/\\\/tiendacosmica.cl\\\/?s={search_term_string}\"},\"query-input\":{\"@type\":\"PropertyValueSpecification\",\"valueRequired\":true,\"valueName\":\"search_term_string\"}}],\"inLanguage\":\"es\"},{\"@type\":\"Organization\",\"@id\":\"https:\\\/\\\/tiendacosmica.cl\\\/#organization\",\"name\":\"C\u00f3smica Joyas y Accesorios\",\"url\":\"https:\\\/\\\/tiendacosmica.cl\\\/\",\"logo\":{\"@type\":\"ImageObject\",\"inLanguage\":\"es\",\"@id\":\"https:\\\/\\\/tiendacosmica.cl\\\/#\\\/schema\\\/logo\\\/image\\\/\",\"url\":\"https:\\\/\\\/tiendacosmica.cl\\\/wp-content\\\/uploads\\\/2026\\\/01\\\/Logo-Cosmica-Monocromo-Negro-alpha.png\",\"contentUrl\":\"https:\\\/\\\/tiendacosmica.cl\\\/wp-content\\\/uploads\\\/2026\\\/01\\\/Logo-Cosmica-Monocromo-Negro-alpha.png\",\"width\":1024,\"height\":1024,\"caption\":\"C\u00f3smica Joyas y Accesorios\"},\"image\":{\"@id\":\"https:\\\/\\\/tiendacosmica.cl\\\/#\\\/schema\\\/logo\\\/image\\\/\"},\"sameAs\":[\"https:\\\/\\\/www.instagram.com\\\/tienda.cosmica.joyas\"]}]}<\/script>\n<!-- \/ Yoast SEO plugin. -->","yoast_head_json":{"title":"Collar Venus - C\u00f3smica Joyas y Accesorios","description":"Collar hecho a mano con piedras naturales de apatita, ojo de tigre y \u00e1gatas en tonos azul verdoso. Broches de acero inoxidable. Joyas y accesorios.","robots":{"index":"index","follow":"follow","max-snippet":"max-snippet:-1","max-image-preview":"max-image-preview:large","max-video-preview":"max-video-preview:-1"},"canonical":"https:\/\/tiendacosmica.cl\/index.php\/producto\/collar-venus\/","og_locale":"es_ES","og_type":"article","og_title":"Collar Venus - C\u00f3smica Joyas y Accesorios","og_description":"Collar hecho a mano con piedras naturales de apatita, ojo de tigre y \u00e1gatas en tonos azul verdoso. Broches de acero inoxidable. Joyas y accesorios.","og_url":"https:\/\/tiendacosmica.cl\/index.php\/producto\/collar-venus\/","og_site_name":"C\u00f3smica Joyas y Accesorios","article_modified_time":"2026-02-25T15:08:21+00:00","og_image":[{"width":1664,"height":1541,"url":"https:\/\/tiendacosmica.cl\/wp-content\/uploads\/2026\/02\/collar-venus.jpg","type":"image\/jpeg"}],"twitter_card":"summary_large_image","twitter_misc":{"Tiempo de lectura":"1 minuto"},"schema":{"@context":"https:\/\/schema.org","@graph":[{"@type":"WebPage","@id":"https:\/\/tiendacosmica.cl\/index.php\/producto\/collar-venus\/","url":"https:\/\/tiendacosmica.cl\/index.php\/producto\/collar-venus\/","name":"Collar Venus - C\u00f3smica Joyas y Accesorios","isPartOf":{"@id":"https:\/\/tiendacosmica.cl\/#website"},"primaryImageOfPage":{"@id":"https:\/\/tiendacosmica.cl\/index.php\/producto\/collar-venus\/#primaryimage"},"image":{"@id":"https:\/\/tiendacosmica.cl\/index.php\/producto\/collar-venus\/#primaryimage"},"thumbnailUrl":"https:\/\/tiendacosmica.cl\/wp-content\/uploads\/2026\/02\/collar-venus.jpg","datePublished":"2026-02-08T15:26:07+00:00","dateModified":"2026-02-25T15:08:21+00:00","description":"Collar hecho a mano con piedras naturales de apatita, ojo de tigre y \u00e1gatas en tonos azul verdoso. Broches de acero inoxidable. Joyas y accesorios.","breadcrumb":{"@id":"https:\/\/tiendacosmica.cl\/index.php\/producto\/collar-venus\/#breadcrumb"},"inLanguage":"es","potentialAction":[{"@type":"ReadAction","target":["https:\/\/tiendacosmica.cl\/index.php\/producto\/collar-venus\/"]}]},{"@type":"ImageObject","inLanguage":"es","@id":"https:\/\/tiendacosmica.cl\/index.php\/producto\/collar-venus\/#primaryimage","url":"https:\/\/tiendacosmica.cl\/wp-content\/uploads\/2026\/02\/collar-venus.jpg","contentUrl":"https:\/\/tiendacosmica.cl\/wp-content\/uploads\/2026\/02\/collar-venus.jpg","width":1664,"height":1541,"caption":"Collar Venus"},{"@type":"BreadcrumbList","@id":"https:\/\/tiendacosmica.cl\/index.php\/producto\/collar-venus\/#breadcrumb","itemListElement":[{"@type":"ListItem","position":1,"name":"Portada","item":"https:\/\/tiendacosmica.cl\/"},{"@type":"ListItem","position":2,"name":"Productos","item":"https:\/\/tiendacosmica.cl\/index.php\/productos\/"},{"@type":"ListItem","position":3,"name":"Collar Venus"}]},{"@type":"WebSite","@id":"https:\/\/tiendacosmica.cl\/#website","url":"https:\/\/tiendacosmica.cl\/","name":"C\u00f3smica Joyas y Accesorios","description":"Tienda de joyer\u00eda con piedras naturales y accesorios. Hecho a mano.","publisher":{"@id":"https:\/\/tiendacosmica.cl\/#organization"},"potentialAction":[{"@type":"SearchAction","target":{"@type":"EntryPoint","urlTemplate":"https:\/\/tiendacosmica.cl\/?s={search_term_string}"},"query-input":{"@type":"PropertyValueSpecification","valueRequired":true,"valueName":"search_term_string"}}],"inLanguage":"es"},{"@type":"Organization","@id":"https:\/\/tiendacosmica.cl\/#organization","name":"C\u00f3smica Joyas y Accesorios","url":"https:\/\/tiendacosmica.cl\/","logo":{"@type":"ImageObject","inLanguage":"es","@id":"https:\/\/tiendacosmica.cl\/#\/schema\/logo\/image\/","url":"https:\/\/tiendacosmica.cl\/wp-content\/uploads\/2026\/01\/Logo-Cosmica-Monocromo-Negro-alpha.png","contentUrl":"https:\/\/tiendacosmica.cl\/wp-content\/uploads\/2026\/01\/Logo-Cosmica-Monocromo-Negro-alpha.png","width":1024,"height":1024,"caption":"C\u00f3smica Joyas y Accesorios"},"image":{"@id":"https:\/\/tiendacosmica.cl\/#\/schema\/logo\/image\/"},"sameAs":["https:\/\/www.instagram.com\/tienda.cosmica.joyas"]}]}},"jetpack_sharing_enabled":true,"_links":{"self":[{"href":"https:\/\/tiendacosmica.cl\/index.php\/wp-json\/wp\/v2\/product\/281","targetHints":{"allow":["GET"]}}],"collection":[{"href":"https:\/\/tiendacosmica.cl\/index.php\/wp-json\/wp\/v2\/product"}],"about":[{"href":"https:\/\/tiendacosmica.cl\/index.php\/wp-json\/wp\/v2\/types\/product"}],"replies":[{"embeddable":true,"href":"https:\/\/tiendacosmica.cl\/index.php\/wp-json\/wp\/v2\/comments?post=281"}],"wp:featuredmedia":[{"embeddable":true,"href":"https:\/\/tiendacosmica.cl\/index.php\/wp-json\/wp\/v2\/media\/282"}],"wp:attachment":[{"href":"https:\/\/tiendacosmica.cl\/index.php\/wp-json\/wp\/v2\/media?parent=281"}],"wp:term":[{"taxonomy":"product_brand","embeddable":true,"href":"https:\/\/tiendacosmica.cl\/index.php\/wp-json\/wp\/v2\/product_brand?post=281"},{"taxonomy":"product_cat","embeddable":true,"href":"https:\/\/tiendacosmica.cl\/index.php\/wp-json\/wp\/v2\/product_cat?post=281"},{"taxonomy":"product_tag","embeddable":true,"href":"https:\/\/tiendacosmica.cl\/index.php\/wp-json\/wp\/v2\/product_tag?post=281"}],"curies":[{"name":"wp","href":"https:\/\/api.w.org\/{rel}","templated":true}]}}