{"id":8,"date":"2025-12-31T15:28:57","date_gmt":"2025-12-31T15:28:57","guid":{"rendered":"https:\/\/tiendacosmica.cl\/index.php\/carrito\/"},"modified":"2026-02-22T15:47:53","modified_gmt":"2026-02-22T15:47:53","slug":"carrito","status":"publish","type":"page","link":"https:\/\/tiendacosmica.cl\/index.php\/carrito\/","title":{"rendered":"Carrito"},"content":{"rendered":"\t\t<div data-elementor-type=\"wp-page\" data-elementor-id=\"8\" class=\"elementor elementor-8\" data-elementor-post-type=\"page\">\n\t\t\t\t\t\t<section class=\"elementor-section elementor-top-section elementor-element elementor-element-60d938c elementor-section-boxed elementor-section-height-default elementor-section-height-default\" data-id=\"60d938c\" data-element_type=\"section\">\n\t\t\t\t\t\t<div class=\"elementor-container elementor-column-gap-default\">\n\t\t\t\t\t<div class=\"elementor-column elementor-col-100 elementor-top-column elementor-element elementor-element-1426c71\" data-id=\"1426c71\" data-element_type=\"column\">\n\t\t\t<div class=\"elementor-widget-wrap elementor-element-populated\">\n\t\t\t\t\t\t<div class=\"elementor-element elementor-element-5758e52 elementor-widget elementor-widget-spacer\" data-id=\"5758e52\" data-element_type=\"widget\" data-widget_type=\"spacer.default\">\n\t\t\t\t\t\t\t<div class=\"elementor-spacer\">\n\t\t\t<div class=\"elementor-spacer-inner\"><\/div>\n\t\t<\/div>\n\t\t\t\t\t\t<\/div>\n\t\t\t\t\t<\/div>\n\t\t<\/div>\n\t\t\t\t\t<\/div>\n\t\t<\/section>\n\t\t\t\t<section class=\"elementor-section elementor-top-section elementor-element elementor-element-a625b64 elementor-section-boxed elementor-section-height-default elementor-section-height-default\" data-id=\"a625b64\" data-element_type=\"section\">\n\t\t\t\t\t\t<div class=\"elementor-container elementor-column-gap-default\">\n\t\t\t\t\t<div class=\"elementor-column elementor-col-100 elementor-top-column elementor-element elementor-element-f8bce01\" data-id=\"f8bce01\" data-element_type=\"column\">\n\t\t\t<div class=\"elementor-widget-wrap elementor-element-populated\">\n\t\t\t\t\t\t\t<\/div>\n\t\t<\/div>\n\t\t\t\t\t<\/div>\n\t\t<\/section>\n\t\t\t\t<section class=\"elementor-section elementor-top-section elementor-element elementor-element-b333c6f elementor-section-boxed elementor-section-height-default elementor-section-height-default\" data-id=\"b333c6f\" data-element_type=\"section\">\n\t\t\t\t\t\t<div class=\"elementor-container elementor-column-gap-default\">\n\t\t\t\t\t<div class=\"elementor-column elementor-col-100 elementor-top-column elementor-element elementor-element-65532e9\" data-id=\"65532e9\" data-element_type=\"column\">\n\t\t\t<div class=\"elementor-widget-wrap elementor-element-populated\">\n\t\t\t\t\t\t<div class=\"elementor-element elementor-element-191c129 elementor-widget elementor-widget-spacer\" data-id=\"191c129\" data-element_type=\"widget\" data-widget_type=\"spacer.default\">\n\t\t\t\t\t\t\t<div class=\"elementor-spacer\">\n\t\t\t<div class=\"elementor-spacer-inner\"><\/div>\n\t\t<\/div>\n\t\t\t\t\t\t<\/div>\n\t\t\t\t\t<\/div>\n\t\t<\/div>\n\t\t\t\t\t<\/div>\n\t\t<\/section>\n\t\t\t\t<section class=\"elementor-section elementor-top-section elementor-element elementor-element-a33b897 elementor-section-boxed elementor-section-height-default elementor-section-height-default\" data-id=\"a33b897\" data-element_type=\"section\">\n\t\t\t\t\t\t<div class=\"elementor-container elementor-column-gap-default\">\n\t\t\t\t\t<div class=\"elementor-column elementor-col-100 elementor-top-column elementor-element elementor-element-dbbca1b\" data-id=\"dbbca1b\" data-element_type=\"column\">\n\t\t\t<div class=\"elementor-widget-wrap elementor-element-populated\">\n\t\t\t\t\t\t<div class=\"elementor-element elementor-element-9983eea elementor-grid-tablet-4 elementor-grid-4 elementor-grid-mobile-2 elementor-products-grid elementor-wc-products elementor-widget elementor-widget-woocommerce-products\" data-id=\"9983eea\" data-element_type=\"widget\" data-widget_type=\"woocommerce-products.default\">\n\t\t\t\t<div class=\"elementor-widget-container\">\n\t\t\t\t\t<div class=\"woocommerce columns-4 \"><ul class=\"products elementor-grid columns-4\">\n<li class=\"product type-product post-533 status-publish first instock product_cat-aros product_cat-hecho-a-mano product_cat-miyuki product_tag-destacado has-post-thumbnail shipping-taxable purchasable product-type-simple\">\n\t<a href=\"https:\/\/tiendacosmica.cl\/index.php\/producto\/aros-casiopea\/\" class=\"woocommerce-LoopProduct-link woocommerce-loop-product__link\"><img fetchpriority=\"high\" decoding=\"async\" width=\"300\" height=\"300\" src=\"https:\/\/tiendacosmica.cl\/wp-content\/uploads\/2026\/03\/Aros-Casiopea-300x300.jpg\" class=\"attachment-woocommerce_thumbnail size-woocommerce_thumbnail\" alt=\"Aros Casiopea\" srcset=\"https:\/\/tiendacosmica.cl\/wp-content\/uploads\/2026\/03\/Aros-Casiopea-300x300.jpg 300w, https:\/\/tiendacosmica.cl\/wp-content\/uploads\/2026\/03\/Aros-Casiopea-150x150.jpg 150w, https:\/\/tiendacosmica.cl\/wp-content\/uploads\/2026\/03\/Aros-Casiopea-768x768.jpg 768w, https:\/\/tiendacosmica.cl\/wp-content\/uploads\/2026\/03\/Aros-Casiopea-600x600.jpg 600w, https:\/\/tiendacosmica.cl\/wp-content\/uploads\/2026\/03\/Aros-Casiopea-100x100.jpg 100w, https:\/\/tiendacosmica.cl\/wp-content\/uploads\/2026\/03\/Aros-Casiopea.jpg 1000w\" sizes=\"(max-width: 300px) 100vw, 300px\" \/><h2 class=\"woocommerce-loop-product__title\">Aros Casiopea<\/h2>\n\t<span class=\"price\"><span class=\"woocommerce-Price-amount amount\"><bdi><span class=\"woocommerce-Price-currencySymbol\">&#36;<\/span>23.000<\/bdi><\/span><\/span>\n<\/a><a href=\"\/index.php\/wp-json\/wp\/v2\/pages\/8?add-to-cart=533\" aria-describedby=\"woocommerce_loop_add_to_cart_link_describedby_533\" data-quantity=\"1\" class=\"button product_type_simple add_to_cart_button ajax_add_to_cart\" data-product_id=\"533\" data-product_sku=\"\" aria-label=\"A\u00f1adir al carrito: &ldquo;Aros Casiopea&rdquo;\" rel=\"nofollow\" data-success_message=\"\u00abAros Casiopea\u00bb se ha a\u00f1adido a tu carrito\" role=\"button\">A\u00f1adir al carrito<\/a>\t<span id=\"woocommerce_loop_add_to_cart_link_describedby_533\" class=\"screen-reader-text\">\n\t\t\t<\/span>\n<\/li>\n<li class=\"product type-product post-531 status-publish instock product_cat-aros product_cat-hecho-a-mano product_cat-miyuki product_tag-destacado has-post-thumbnail shipping-taxable purchasable product-type-simple\">\n\t<a href=\"https:\/\/tiendacosmica.cl\/index.php\/producto\/aros-andromeda\/\" class=\"woocommerce-LoopProduct-link woocommerce-loop-product__link\"><img decoding=\"async\" width=\"300\" height=\"300\" src=\"https:\/\/tiendacosmica.cl\/wp-content\/uploads\/2026\/02\/aros-andromeda-300x300.jpg\" class=\"attachment-woocommerce_thumbnail size-woocommerce_thumbnail\" alt=\"Aros Andr\u00f3meda\" srcset=\"https:\/\/tiendacosmica.cl\/wp-content\/uploads\/2026\/02\/aros-andromeda-300x300.jpg 300w, https:\/\/tiendacosmica.cl\/wp-content\/uploads\/2026\/02\/aros-andromeda-150x150.jpg 150w, https:\/\/tiendacosmica.cl\/wp-content\/uploads\/2026\/02\/aros-andromeda-768x768.jpg 768w, https:\/\/tiendacosmica.cl\/wp-content\/uploads\/2026\/02\/aros-andromeda-600x600.jpg 600w, https:\/\/tiendacosmica.cl\/wp-content\/uploads\/2026\/02\/aros-andromeda-100x100.jpg 100w, https:\/\/tiendacosmica.cl\/wp-content\/uploads\/2026\/02\/aros-andromeda.jpg 1000w\" sizes=\"(max-width: 300px) 100vw, 300px\" \/><h2 class=\"woocommerce-loop-product__title\">Aros Andr\u00f3meda<\/h2>\n\t<span class=\"price\"><span class=\"woocommerce-Price-amount amount\"><bdi><span class=\"woocommerce-Price-currencySymbol\">&#36;<\/span>23.000<\/bdi><\/span><\/span>\n<\/a><a href=\"\/index.php\/wp-json\/wp\/v2\/pages\/8?add-to-cart=531\" aria-describedby=\"woocommerce_loop_add_to_cart_link_describedby_531\" data-quantity=\"1\" class=\"button product_type_simple add_to_cart_button ajax_add_to_cart\" data-product_id=\"531\" data-product_sku=\"\" aria-label=\"A\u00f1adir al carrito: &ldquo;Aros Andr\u00f3meda&rdquo;\" rel=\"nofollow\" data-success_message=\"\u00abAros Andr\u00f3meda\u00bb se ha a\u00f1adido a tu carrito\" role=\"button\">A\u00f1adir al carrito<\/a>\t<span id=\"woocommerce_loop_add_to_cart_link_describedby_531\" class=\"screen-reader-text\">\n\t\t\t<\/span>\n<\/li>\n<li class=\"product type-product post-285 status-publish instock product_cat-acero-inox304 product_cat-collares product_cat-hecho-a-mano product_cat-piedras-naturales product_cat-plata-925 product_tag-destacado has-post-thumbnail sale shipping-taxable purchasable product-type-simple\">\n\t<a href=\"https:\/\/tiendacosmica.cl\/index.php\/producto\/collar-halley\/\" class=\"woocommerce-LoopProduct-link woocommerce-loop-product__link\">\n\t<span class=\"onsale\">\u00a1Oferta!<\/span>\n\t<img decoding=\"async\" width=\"300\" height=\"300\" src=\"https:\/\/tiendacosmica.cl\/wp-content\/uploads\/2026\/02\/collar-halley2-300x300.jpg\" class=\"attachment-woocommerce_thumbnail size-woocommerce_thumbnail\" alt=\"Collar Halley\" srcset=\"https:\/\/tiendacosmica.cl\/wp-content\/uploads\/2026\/02\/collar-halley2-300x300.jpg 300w, https:\/\/tiendacosmica.cl\/wp-content\/uploads\/2026\/02\/collar-halley2-150x150.jpg 150w, https:\/\/tiendacosmica.cl\/wp-content\/uploads\/2026\/02\/collar-halley2-768x768.jpg 768w, https:\/\/tiendacosmica.cl\/wp-content\/uploads\/2026\/02\/collar-halley2-600x600.jpg 600w, https:\/\/tiendacosmica.cl\/wp-content\/uploads\/2026\/02\/collar-halley2-100x100.jpg 100w, https:\/\/tiendacosmica.cl\/wp-content\/uploads\/2026\/02\/collar-halley2.jpg 1000w\" sizes=\"(max-width: 300px) 100vw, 300px\" \/><h2 class=\"woocommerce-loop-product__title\">Collar Halley<\/h2>\n\t<span class=\"price\"><del aria-hidden=\"true\"><span class=\"woocommerce-Price-amount amount\"><bdi><span class=\"woocommerce-Price-currencySymbol\">&#36;<\/span>52.990<\/bdi><\/span><\/del> <span class=\"screen-reader-text\">El precio original era: &#036;52.990.<\/span><ins aria-hidden=\"true\"><span class=\"woocommerce-Price-amount amount\"><bdi><span class=\"woocommerce-Price-currencySymbol\">&#36;<\/span>39.990<\/bdi><\/span><\/ins><span class=\"screen-reader-text\">El precio actual es: &#036;39.990.<\/span><\/span>\n<\/a><a href=\"\/index.php\/wp-json\/wp\/v2\/pages\/8?add-to-cart=285\" aria-describedby=\"woocommerce_loop_add_to_cart_link_describedby_285\" data-quantity=\"1\" class=\"button product_type_simple add_to_cart_button ajax_add_to_cart\" data-product_id=\"285\" data-product_sku=\"\" aria-label=\"A\u00f1adir al carrito: &ldquo;Collar Halley&rdquo;\" rel=\"nofollow\" data-success_message=\"\u00abCollar Halley\u00bb se ha a\u00f1adido a tu carrito\" role=\"button\">A\u00f1adir al carrito<\/a>\t<span id=\"woocommerce_loop_add_to_cart_link_describedby_285\" class=\"screen-reader-text\">\n\t\t\t<\/span>\n<\/li>\n<li class=\"product type-product post-281 status-publish last instock product_cat-acero-inox304 product_cat-coleccion-planetaria product_cat-collares product_cat-hecho-a-mano product_cat-piedras-naturales product_tag-destacado has-post-thumbnail sale shipping-taxable purchasable product-type-simple\">\n\t<a href=\"https:\/\/tiendacosmica.cl\/index.php\/producto\/collar-venus\/\" class=\"woocommerce-LoopProduct-link woocommerce-loop-product__link\">\n\t<span class=\"onsale\">\u00a1Oferta!<\/span>\n\t<img loading=\"lazy\" decoding=\"async\" width=\"300\" height=\"300\" src=\"https:\/\/tiendacosmica.cl\/wp-content\/uploads\/2026\/02\/collar-venus-300x300.jpg\" class=\"attachment-woocommerce_thumbnail size-woocommerce_thumbnail\" alt=\"Collar Venus\" srcset=\"https:\/\/tiendacosmica.cl\/wp-content\/uploads\/2026\/02\/collar-venus-300x300.jpg 300w, https:\/\/tiendacosmica.cl\/wp-content\/uploads\/2026\/02\/collar-venus-150x150.jpg 150w, https:\/\/tiendacosmica.cl\/wp-content\/uploads\/2026\/02\/collar-venus-100x100.jpg 100w\" sizes=\"(max-width: 300px) 100vw, 300px\" \/><h2 class=\"woocommerce-loop-product__title\">Collar Venus<\/h2>\n\t<span class=\"price\"><del aria-hidden=\"true\"><span class=\"woocommerce-Price-amount amount\"><bdi><span class=\"woocommerce-Price-currencySymbol\">&#36;<\/span>54.990<\/bdi><\/span><\/del> <span class=\"screen-reader-text\">El precio original era: &#036;54.990.<\/span><ins aria-hidden=\"true\"><span class=\"woocommerce-Price-amount amount\"><bdi><span class=\"woocommerce-Price-currencySymbol\">&#36;<\/span>39.990<\/bdi><\/span><\/ins><span class=\"screen-reader-text\">El precio actual es: &#036;39.990.<\/span><\/span>\n<\/a><a href=\"\/index.php\/wp-json\/wp\/v2\/pages\/8?add-to-cart=281\" aria-describedby=\"woocommerce_loop_add_to_cart_link_describedby_281\" data-quantity=\"1\" class=\"button product_type_simple add_to_cart_button ajax_add_to_cart\" data-product_id=\"281\" data-product_sku=\"\" aria-label=\"A\u00f1adir al carrito: &ldquo;Collar Venus&rdquo;\" rel=\"nofollow\" data-success_message=\"\u00abCollar Venus\u00bb se ha a\u00f1adido a tu carrito\" role=\"button\">A\u00f1adir al carrito<\/a>\t<span id=\"woocommerce_loop_add_to_cart_link_describedby_281\" class=\"screen-reader-text\">\n\t\t\t<\/span>\n<\/li>\n<\/ul>\n<\/div>\t\t\t\t<\/div>\n\t\t\t\t<\/div>\n\t\t\t\t\t<\/div>\n\t\t<\/div>\n\t\t\t\t\t<\/div>\n\t\t<\/section>\n\t\t\t\t<section class=\"elementor-section elementor-top-section elementor-element elementor-element-3d3e210 elementor-section-boxed elementor-section-height-default elementor-section-height-default\" data-id=\"3d3e210\" data-element_type=\"section\">\n\t\t\t\t\t\t<div class=\"elementor-container elementor-column-gap-default\">\n\t\t\t\t\t<div class=\"elementor-column elementor-col-100 elementor-top-column elementor-element elementor-element-844482a\" data-id=\"844482a\" data-element_type=\"column\">\n\t\t\t<div class=\"elementor-widget-wrap elementor-element-populated\">\n\t\t\t\t\t\t<div class=\"elementor-element elementor-element-c6adfe1 elementor-widget elementor-widget-spacer\" data-id=\"c6adfe1\" data-element_type=\"widget\" data-widget_type=\"spacer.default\">\n\t\t\t\t\t\t\t<div class=\"elementor-spacer\">\n\t\t\t<div class=\"elementor-spacer-inner\"><\/div>\n\t\t<\/div>\n\t\t\t\t\t\t<\/div>\n\t\t\t\t\t<\/div>\n\t\t<\/div>\n\t\t\t\t\t<\/div>\n\t\t<\/section>\n\t\t\t\t<\/div>\n\t\t","protected":false},"excerpt":{"rendered":"<p>Eliminar art\u00edculo Imagen en miniatura Producto Precio Cantidad Subtotal &times; Collar Zodiaco &#36;39.990 Collar Zodiaco cantidad &#36;39.990 Update Cart Apply coupon Cart Totals Subtotal &#36;39.990 Env\u00edo Env\u00edo gratuito Enviar a Tarapac\u00e1. Cambiar direcci\u00f3n Pa\u00eds \/ Regi\u00f3n Selecciona un pa\u00eds\/regi\u00f3n&hellip;Chile Regi\u00f3n \/ Provincia Elige una opci\u00f3n&hellip;Ais\u00e9n del General Carlos Iba\u00f1ez del CampoAntofagastaArica y ParinacotaLa Araucan\u00edaAtacamaBiob\u00edoCoquimboLibertador General [&hellip;]<\/p>\n","protected":false},"author":1,"featured_media":0,"parent":0,"menu_order":0,"comment_status":"closed","ping_status":"closed","template":"","meta":{"footnotes":""},"class_list":["post-8","page","type-page","status-publish","hentry"],"yoast_head":"<!-- This site is optimized with the Yoast SEO plugin v27.5 - https:\/\/yoast.com\/product\/yoast-seo-wordpress\/ -->\n<title>Carrito - C\u00f3smica Joyas y Accesorios<\/title>\n<meta name=\"robots\" content=\"index, follow, max-snippet:-1, max-image-preview:large, max-video-preview:-1\" \/>\n<link rel=\"canonical\" href=\"https:\/\/tiendacosmica.cl\/index.php\/carrito\/\" \/>\n<meta property=\"og:locale\" content=\"es_ES\" \/>\n<meta property=\"og:type\" content=\"article\" \/>\n<meta property=\"og:title\" content=\"Carrito - C\u00f3smica Joyas y Accesorios\" \/>\n<meta property=\"og:description\" content=\"Eliminar art\u00edculo Imagen en miniatura Producto Precio Cantidad Subtotal &times; Collar Zodiaco &#036;39.990 Collar Zodiaco cantidad &#036;39.990 Update Cart Apply coupon Cart Totals Subtotal &#036;39.990 Env\u00edo Env\u00edo gratuito Enviar a Tarapac\u00e1. Cambiar direcci\u00f3n Pa\u00eds \/ Regi\u00f3n Selecciona un pa\u00eds\/regi\u00f3n&hellip;Chile Regi\u00f3n \/ Provincia Elige una opci\u00f3n&hellip;Ais\u00e9n del General Carlos Iba\u00f1ez del CampoAntofagastaArica y ParinacotaLa Araucan\u00edaAtacamaBiob\u00edoCoquimboLibertador General [&hellip;]\" \/>\n<meta property=\"og:url\" content=\"https:\/\/tiendacosmica.cl\/index.php\/carrito\/\" \/>\n<meta property=\"og:site_name\" content=\"C\u00f3smica Joyas y Accesorios\" \/>\n<meta property=\"article:modified_time\" content=\"2026-02-22T15:47:53+00:00\" \/>\n<meta property=\"og:image\" content=\"https:\/\/tiendacosmica.cl\/wp-content\/uploads\/2026\/01\/1766261721915-300x300.png\" \/>\n<meta name=\"twitter:card\" content=\"summary_large_image\" \/>\n<script type=\"application\/ld+json\" class=\"yoast-schema-graph\">{\"@context\":\"https:\\\/\\\/schema.org\",\"@graph\":[{\"@type\":\"WebPage\",\"@id\":\"https:\\\/\\\/tiendacosmica.cl\\\/index.php\\\/carrito\\\/\",\"url\":\"https:\\\/\\\/tiendacosmica.cl\\\/index.php\\\/carrito\\\/\",\"name\":\"Carrito - C\u00f3smica Joyas y Accesorios\",\"isPartOf\":{\"@id\":\"https:\\\/\\\/tiendacosmica.cl\\\/#website\"},\"primaryImageOfPage\":{\"@id\":\"https:\\\/\\\/tiendacosmica.cl\\\/index.php\\\/carrito\\\/#primaryimage\"},\"image\":{\"@id\":\"https:\\\/\\\/tiendacosmica.cl\\\/index.php\\\/carrito\\\/#primaryimage\"},\"thumbnailUrl\":\"https:\\\/\\\/tiendacosmica.cl\\\/wp-content\\\/uploads\\\/2026\\\/01\\\/1766261721915-300x300.png\",\"datePublished\":\"2025-12-31T15:28:57+00:00\",\"dateModified\":\"2026-02-22T15:47:53+00:00\",\"breadcrumb\":{\"@id\":\"https:\\\/\\\/tiendacosmica.cl\\\/index.php\\\/carrito\\\/#breadcrumb\"},\"inLanguage\":\"es\",\"potentialAction\":[{\"@type\":\"ReadAction\",\"target\":[\"https:\\\/\\\/tiendacosmica.cl\\\/index.php\\\/carrito\\\/\"]}]},{\"@type\":\"ImageObject\",\"inLanguage\":\"es\",\"@id\":\"https:\\\/\\\/tiendacosmica.cl\\\/index.php\\\/carrito\\\/#primaryimage\",\"url\":\"https:\\\/\\\/tiendacosmica.cl\\\/wp-content\\\/uploads\\\/2026\\\/01\\\/1766261721915.png\",\"contentUrl\":\"https:\\\/\\\/tiendacosmica.cl\\\/wp-content\\\/uploads\\\/2026\\\/01\\\/1766261721915.png\",\"width\":864,\"height\":1184},{\"@type\":\"BreadcrumbList\",\"@id\":\"https:\\\/\\\/tiendacosmica.cl\\\/index.php\\\/carrito\\\/#breadcrumb\",\"itemListElement\":[{\"@type\":\"ListItem\",\"position\":1,\"name\":\"Portada\",\"item\":\"https:\\\/\\\/tiendacosmica.cl\\\/\"},{\"@type\":\"ListItem\",\"position\":2,\"name\":\"Carrito\"}]},{\"@type\":\"WebSite\",\"@id\":\"https:\\\/\\\/tiendacosmica.cl\\\/#website\",\"url\":\"https:\\\/\\\/tiendacosmica.cl\\\/\",\"name\":\"C\u00f3smica Joyas y Accesorios\",\"description\":\"Tienda de joyer\u00eda con piedras naturales y accesorios. Hecho a mano.\",\"publisher\":{\"@id\":\"https:\\\/\\\/tiendacosmica.cl\\\/#organization\"},\"potentialAction\":[{\"@type\":\"SearchAction\",\"target\":{\"@type\":\"EntryPoint\",\"urlTemplate\":\"https:\\\/\\\/tiendacosmica.cl\\\/?s={search_term_string}\"},\"query-input\":{\"@type\":\"PropertyValueSpecification\",\"valueRequired\":true,\"valueName\":\"search_term_string\"}}],\"inLanguage\":\"es\"},{\"@type\":\"Organization\",\"@id\":\"https:\\\/\\\/tiendacosmica.cl\\\/#organization\",\"name\":\"C\u00f3smica Joyas y Accesorios\",\"url\":\"https:\\\/\\\/tiendacosmica.cl\\\/\",\"logo\":{\"@type\":\"ImageObject\",\"inLanguage\":\"es\",\"@id\":\"https:\\\/\\\/tiendacosmica.cl\\\/#\\\/schema\\\/logo\\\/image\\\/\",\"url\":\"https:\\\/\\\/tiendacosmica.cl\\\/wp-content\\\/uploads\\\/2026\\\/01\\\/Logo-Cosmica-Monocromo-Negro-alpha.png\",\"contentUrl\":\"https:\\\/\\\/tiendacosmica.cl\\\/wp-content\\\/uploads\\\/2026\\\/01\\\/Logo-Cosmica-Monocromo-Negro-alpha.png\",\"width\":1024,\"height\":1024,\"caption\":\"C\u00f3smica Joyas y Accesorios\"},\"image\":{\"@id\":\"https:\\\/\\\/tiendacosmica.cl\\\/#\\\/schema\\\/logo\\\/image\\\/\"},\"sameAs\":[\"https:\\\/\\\/www.instagram.com\\\/tienda.cosmica.joyas\"]}]}<\/script>\n<!-- \/ Yoast SEO plugin. -->","yoast_head_json":{"title":"Carrito - C\u00f3smica Joyas y Accesorios","robots":{"index":"index","follow":"follow","max-snippet":"max-snippet:-1","max-image-preview":"max-image-preview:large","max-video-preview":"max-video-preview:-1"},"canonical":"https:\/\/tiendacosmica.cl\/index.php\/carrito\/","og_locale":"es_ES","og_type":"article","og_title":"Carrito - C\u00f3smica Joyas y Accesorios","og_description":"Eliminar art\u00edculo Imagen en miniatura Producto Precio Cantidad Subtotal &times; Collar Zodiaco &#36;39.990 Collar Zodiaco cantidad &#36;39.990 Update Cart Apply coupon Cart Totals Subtotal &#36;39.990 Env\u00edo Env\u00edo gratuito Enviar a Tarapac\u00e1. Cambiar direcci\u00f3n Pa\u00eds \/ Regi\u00f3n Selecciona un pa\u00eds\/regi\u00f3n&hellip;Chile Regi\u00f3n \/ Provincia Elige una opci\u00f3n&hellip;Ais\u00e9n del General Carlos Iba\u00f1ez del CampoAntofagastaArica y ParinacotaLa Araucan\u00edaAtacamaBiob\u00edoCoquimboLibertador General [&hellip;]","og_url":"https:\/\/tiendacosmica.cl\/index.php\/carrito\/","og_site_name":"C\u00f3smica Joyas y Accesorios","article_modified_time":"2026-02-22T15:47:53+00:00","og_image":[{"url":"https:\/\/tiendacosmica.cl\/wp-content\/uploads\/2026\/01\/1766261721915-300x300.png","type":"","width":"","height":""}],"twitter_card":"summary_large_image","schema":{"@context":"https:\/\/schema.org","@graph":[{"@type":"WebPage","@id":"https:\/\/tiendacosmica.cl\/index.php\/carrito\/","url":"https:\/\/tiendacosmica.cl\/index.php\/carrito\/","name":"Carrito - C\u00f3smica Joyas y Accesorios","isPartOf":{"@id":"https:\/\/tiendacosmica.cl\/#website"},"primaryImageOfPage":{"@id":"https:\/\/tiendacosmica.cl\/index.php\/carrito\/#primaryimage"},"image":{"@id":"https:\/\/tiendacosmica.cl\/index.php\/carrito\/#primaryimage"},"thumbnailUrl":"https:\/\/tiendacosmica.cl\/wp-content\/uploads\/2026\/01\/1766261721915-300x300.png","datePublished":"2025-12-31T15:28:57+00:00","dateModified":"2026-02-22T15:47:53+00:00","breadcrumb":{"@id":"https:\/\/tiendacosmica.cl\/index.php\/carrito\/#breadcrumb"},"inLanguage":"es","potentialAction":[{"@type":"ReadAction","target":["https:\/\/tiendacosmica.cl\/index.php\/carrito\/"]}]},{"@type":"ImageObject","inLanguage":"es","@id":"https:\/\/tiendacosmica.cl\/index.php\/carrito\/#primaryimage","url":"https:\/\/tiendacosmica.cl\/wp-content\/uploads\/2026\/01\/1766261721915.png","contentUrl":"https:\/\/tiendacosmica.cl\/wp-content\/uploads\/2026\/01\/1766261721915.png","width":864,"height":1184},{"@type":"BreadcrumbList","@id":"https:\/\/tiendacosmica.cl\/index.php\/carrito\/#breadcrumb","itemListElement":[{"@type":"ListItem","position":1,"name":"Portada","item":"https:\/\/tiendacosmica.cl\/"},{"@type":"ListItem","position":2,"name":"Carrito"}]},{"@type":"WebSite","@id":"https:\/\/tiendacosmica.cl\/#website","url":"https:\/\/tiendacosmica.cl\/","name":"C\u00f3smica Joyas y Accesorios","description":"Tienda de joyer\u00eda con piedras naturales y accesorios. Hecho a mano.","publisher":{"@id":"https:\/\/tiendacosmica.cl\/#organization"},"potentialAction":[{"@type":"SearchAction","target":{"@type":"EntryPoint","urlTemplate":"https:\/\/tiendacosmica.cl\/?s={search_term_string}"},"query-input":{"@type":"PropertyValueSpecification","valueRequired":true,"valueName":"search_term_string"}}],"inLanguage":"es"},{"@type":"Organization","@id":"https:\/\/tiendacosmica.cl\/#organization","name":"C\u00f3smica Joyas y Accesorios","url":"https:\/\/tiendacosmica.cl\/","logo":{"@type":"ImageObject","inLanguage":"es","@id":"https:\/\/tiendacosmica.cl\/#\/schema\/logo\/image\/","url":"https:\/\/tiendacosmica.cl\/wp-content\/uploads\/2026\/01\/Logo-Cosmica-Monocromo-Negro-alpha.png","contentUrl":"https:\/\/tiendacosmica.cl\/wp-content\/uploads\/2026\/01\/Logo-Cosmica-Monocromo-Negro-alpha.png","width":1024,"height":1024,"caption":"C\u00f3smica Joyas y Accesorios"},"image":{"@id":"https:\/\/tiendacosmica.cl\/#\/schema\/logo\/image\/"},"sameAs":["https:\/\/www.instagram.com\/tienda.cosmica.joyas"]}]}},"jetpack_sharing_enabled":true,"_links":{"self":[{"href":"https:\/\/tiendacosmica.cl\/index.php\/wp-json\/wp\/v2\/pages\/8","targetHints":{"allow":["GET"]}}],"collection":[{"href":"https:\/\/tiendacosmica.cl\/index.php\/wp-json\/wp\/v2\/pages"}],"about":[{"href":"https:\/\/tiendacosmica.cl\/index.php\/wp-json\/wp\/v2\/types\/page"}],"author":[{"embeddable":true,"href":"https:\/\/tiendacosmica.cl\/index.php\/wp-json\/wp\/v2\/users\/1"}],"replies":[{"embeddable":true,"href":"https:\/\/tiendacosmica.cl\/index.php\/wp-json\/wp\/v2\/comments?post=8"}],"version-history":[{"count":55,"href":"https:\/\/tiendacosmica.cl\/index.php\/wp-json\/wp\/v2\/pages\/8\/revisions"}],"predecessor-version":[{"id":483,"href":"https:\/\/tiendacosmica.cl\/index.php\/wp-json\/wp\/v2\/pages\/8\/revisions\/483"}],"wp:attachment":[{"href":"https:\/\/tiendacosmica.cl\/index.php\/wp-json\/wp\/v2\/media?parent=8"}],"curies":[{"name":"wp","href":"https:\/\/api.w.org\/{rel}","templated":true}]}}