{"id":608,"date":"2026-04-04T23:09:36","date_gmt":"2026-04-04T23:09:36","guid":{"rendered":"https:\/\/tiendacosmica.cl\/?page_id=608"},"modified":"2026-04-04T23:43:24","modified_gmt":"2026-04-04T23:43:24","slug":"medios-de-pago","status":"publish","type":"page","link":"https:\/\/tiendacosmica.cl\/index.php\/medios-de-pago\/","title":{"rendered":"Medios de pago"},"content":{"rendered":"\t\t<div data-elementor-type=\"wp-page\" data-elementor-id=\"608\" class=\"elementor elementor-608\" data-elementor-post-type=\"page\">\n\t\t\t\t\t\t<section class=\"elementor-section elementor-top-section elementor-element elementor-element-b2c5357 elementor-section-boxed elementor-section-height-default elementor-section-height-default\" data-id=\"b2c5357\" data-element_type=\"section\">\n\t\t\t\t\t\t<div class=\"elementor-container elementor-column-gap-default\">\n\t\t\t\t\t<div class=\"elementor-column elementor-col-100 elementor-top-column elementor-element elementor-element-2624206\" data-id=\"2624206\" data-element_type=\"column\">\n\t\t\t<div class=\"elementor-widget-wrap elementor-element-populated\">\n\t\t\t\t\t\t<div class=\"elementor-element elementor-element-61d3124 elementor-widget elementor-widget-heading\" data-id=\"61d3124\" data-element_type=\"widget\" data-widget_type=\"heading.default\">\n\t\t\t\t\t<h2 class=\"elementor-heading-title elementor-size-default\">Medios de pago<\/h2>\t\t\t\t<\/div>\n\t\t\t\t\t<\/div>\n\t\t<\/div>\n\t\t\t\t\t<\/div>\n\t\t<\/section>\n\t\t\t\t<section class=\"elementor-section elementor-top-section elementor-element elementor-element-3f04a53 elementor-section-boxed elementor-section-height-default elementor-section-height-default\" data-id=\"3f04a53\" data-element_type=\"section\">\n\t\t\t\t\t\t<div class=\"elementor-container elementor-column-gap-default\">\n\t\t\t\t\t<div class=\"elementor-column elementor-col-100 elementor-top-column elementor-element elementor-element-06b9085\" data-id=\"06b9085\" data-element_type=\"column\">\n\t\t\t<div class=\"elementor-widget-wrap elementor-element-populated\">\n\t\t\t\t\t\t<div class=\"elementor-element elementor-element-cb306b6 elementor-widget elementor-widget-text-editor\" data-id=\"cb306b6\" data-element_type=\"widget\" data-widget_type=\"text-editor.default\">\n\t\t\t\t\t\t\t\t\t<p>Actualmente contamos con <b>pago con tarjetas y transferencia.<\/b><\/p>\n<ul>\n<li>Puedes pagar con <b>d\u00e9bito o cr\u00e9dito <\/b>a trav\u00e9s de MercadoPago.<\/li>\n<li>Puedes solicitar pago v\u00eda transferencia bancaria, enviando un correo con tu n\u00famero de pedido a <b>habemos@tiendacosmica.cl<\/b><\/li>\n<\/ul><div><b><br><\/b><\/div>\n<p>Para cualquier otra inquietud acerca del pago, puedes comunicarte con nosotros a <b>hablemos@tiendacosmica.cl<\/b> o a nuestro <b>Whatsapp<\/b> de la tienda, s\u00f3lo para conversaciones v\u00eda chat.<\/p>\n<p><\/p>\t\t\t\t\t\t\t\t<\/div>\n\t\t\t\t\t<\/div>\n\t\t<\/div>\n\t\t\t\t\t<\/div>\n\t\t<\/section>\n\t\t\t\t<section class=\"elementor-section elementor-top-section elementor-element elementor-element-540fead elementor-section-boxed elementor-section-height-default elementor-section-height-default\" data-id=\"540fead\" data-element_type=\"section\">\n\t\t\t\t\t\t<div class=\"elementor-container elementor-column-gap-default\">\n\t\t\t\t\t<div class=\"elementor-column elementor-col-100 elementor-top-column elementor-element elementor-element-435c120\" data-id=\"435c120\" data-element_type=\"column\">\n\t\t\t<div class=\"elementor-widget-wrap elementor-element-populated\">\n\t\t\t\t\t\t<div class=\"elementor-element elementor-element-9f6070e elementor-widget elementor-widget-text-editor\" data-id=\"9f6070e\" data-element_type=\"widget\" data-widget_type=\"text-editor.default\">\n\t\t\t\t\t\t\t\t\t<p><a href=\"https:\/\/www.tiendacosmica.cl\/\">\u00abVolver<\/a><\/p>\t\t\t\t\t\t\t\t<\/div>\n\t\t\t\t\t<\/div>\n\t\t<\/div>\n\t\t\t\t\t<\/div>\n\t\t<\/section>\n\t\t\t\t<\/div>\n\t\t","protected":false},"excerpt":{"rendered":"<p>Medios de pago Actualmente contamos con pago con tarjetas y transferencia. Puedes pagar con d\u00e9bito o cr\u00e9dito a trav\u00e9s de MercadoPago. Puedes solicitar pago v\u00eda transferencia bancaria, enviando un correo con tu n\u00famero de pedido a habemos@tiendacosmica.cl Para cualquier otra inquietud acerca del pago, puedes comunicarte con nosotros a hablemos@tiendacosmica.cl o a nuestro Whatsapp de [&hellip;]<\/p>\n","protected":false},"author":1,"featured_media":0,"parent":0,"menu_order":0,"comment_status":"closed","ping_status":"closed","template":"","meta":{"footnotes":""},"class_list":["post-608","page","type-page","status-publish","hentry"],"yoast_head":"<!-- This site is optimized with the Yoast SEO plugin v27.5 - https:\/\/yoast.com\/product\/yoast-seo-wordpress\/ -->\n<title>Medios de pago - C\u00f3smica Joyas y Accesorios<\/title>\n<meta name=\"robots\" content=\"index, follow, max-snippet:-1, max-image-preview:large, max-video-preview:-1\" \/>\n<link rel=\"canonical\" href=\"https:\/\/tiendacosmica.cl\/index.php\/medios-de-pago\/\" \/>\n<meta property=\"og:locale\" content=\"es_ES\" \/>\n<meta property=\"og:type\" content=\"article\" \/>\n<meta property=\"og:title\" content=\"Medios de pago - C\u00f3smica Joyas y Accesorios\" \/>\n<meta property=\"og:description\" content=\"Medios de pago Actualmente contamos con pago con tarjetas y transferencia. Puedes pagar con d\u00e9bito o cr\u00e9dito a trav\u00e9s de MercadoPago. Puedes solicitar pago v\u00eda transferencia bancaria, enviando un correo con tu n\u00famero de pedido a habemos@tiendacosmica.cl Para cualquier otra inquietud acerca del pago, puedes comunicarte con nosotros a hablemos@tiendacosmica.cl o a nuestro Whatsapp de [&hellip;]\" \/>\n<meta property=\"og:url\" content=\"https:\/\/tiendacosmica.cl\/index.php\/medios-de-pago\/\" \/>\n<meta property=\"og:site_name\" content=\"C\u00f3smica Joyas y Accesorios\" \/>\n<meta property=\"article:modified_time\" content=\"2026-04-04T23:43:24+00:00\" \/>\n<meta name=\"twitter:card\" content=\"summary_large_image\" \/>\n<meta name=\"twitter:label1\" content=\"Tiempo de lectura\" \/>\n\t<meta name=\"twitter:data1\" content=\"1 minuto\" \/>\n<script type=\"application\/ld+json\" class=\"yoast-schema-graph\">{\"@context\":\"https:\\\/\\\/schema.org\",\"@graph\":[{\"@type\":\"WebPage\",\"@id\":\"https:\\\/\\\/tiendacosmica.cl\\\/index.php\\\/medios-de-pago\\\/\",\"url\":\"https:\\\/\\\/tiendacosmica.cl\\\/index.php\\\/medios-de-pago\\\/\",\"name\":\"Medios de pago - C\u00f3smica Joyas y Accesorios\",\"isPartOf\":{\"@id\":\"https:\\\/\\\/tiendacosmica.cl\\\/#website\"},\"datePublished\":\"2026-04-04T23:09:36+00:00\",\"dateModified\":\"2026-04-04T23:43:24+00:00\",\"breadcrumb\":{\"@id\":\"https:\\\/\\\/tiendacosmica.cl\\\/index.php\\\/medios-de-pago\\\/#breadcrumb\"},\"inLanguage\":\"es\",\"potentialAction\":[{\"@type\":\"ReadAction\",\"target\":[\"https:\\\/\\\/tiendacosmica.cl\\\/index.php\\\/medios-de-pago\\\/\"]}]},{\"@type\":\"BreadcrumbList\",\"@id\":\"https:\\\/\\\/tiendacosmica.cl\\\/index.php\\\/medios-de-pago\\\/#breadcrumb\",\"itemListElement\":[{\"@type\":\"ListItem\",\"position\":1,\"name\":\"Portada\",\"item\":\"https:\\\/\\\/tiendacosmica.cl\\\/\"},{\"@type\":\"ListItem\",\"position\":2,\"name\":\"Medios de pago\"}]},{\"@type\":\"WebSite\",\"@id\":\"https:\\\/\\\/tiendacosmica.cl\\\/#website\",\"url\":\"https:\\\/\\\/tiendacosmica.cl\\\/\",\"name\":\"C\u00f3smica Joyas y Accesorios\",\"description\":\"Tienda de joyer\u00eda con piedras naturales y accesorios. Hecho a mano.\",\"publisher\":{\"@id\":\"https:\\\/\\\/tiendacosmica.cl\\\/#organization\"},\"potentialAction\":[{\"@type\":\"SearchAction\",\"target\":{\"@type\":\"EntryPoint\",\"urlTemplate\":\"https:\\\/\\\/tiendacosmica.cl\\\/?s={search_term_string}\"},\"query-input\":{\"@type\":\"PropertyValueSpecification\",\"valueRequired\":true,\"valueName\":\"search_term_string\"}}],\"inLanguage\":\"es\"},{\"@type\":\"Organization\",\"@id\":\"https:\\\/\\\/tiendacosmica.cl\\\/#organization\",\"name\":\"C\u00f3smica Joyas y Accesorios\",\"url\":\"https:\\\/\\\/tiendacosmica.cl\\\/\",\"logo\":{\"@type\":\"ImageObject\",\"inLanguage\":\"es\",\"@id\":\"https:\\\/\\\/tiendacosmica.cl\\\/#\\\/schema\\\/logo\\\/image\\\/\",\"url\":\"https:\\\/\\\/tiendacosmica.cl\\\/wp-content\\\/uploads\\\/2026\\\/01\\\/Logo-Cosmica-Monocromo-Negro-alpha.png\",\"contentUrl\":\"https:\\\/\\\/tiendacosmica.cl\\\/wp-content\\\/uploads\\\/2026\\\/01\\\/Logo-Cosmica-Monocromo-Negro-alpha.png\",\"width\":1024,\"height\":1024,\"caption\":\"C\u00f3smica Joyas y Accesorios\"},\"image\":{\"@id\":\"https:\\\/\\\/tiendacosmica.cl\\\/#\\\/schema\\\/logo\\\/image\\\/\"},\"sameAs\":[\"https:\\\/\\\/www.instagram.com\\\/tienda.cosmica.joyas\"]}]}<\/script>\n<!-- \/ Yoast SEO plugin. -->","yoast_head_json":{"title":"Medios de pago - C\u00f3smica Joyas y Accesorios","robots":{"index":"index","follow":"follow","max-snippet":"max-snippet:-1","max-image-preview":"max-image-preview:large","max-video-preview":"max-video-preview:-1"},"canonical":"https:\/\/tiendacosmica.cl\/index.php\/medios-de-pago\/","og_locale":"es_ES","og_type":"article","og_title":"Medios de pago - C\u00f3smica Joyas y Accesorios","og_description":"Medios de pago Actualmente contamos con pago con tarjetas y transferencia. Puedes pagar con d\u00e9bito o cr\u00e9dito a trav\u00e9s de MercadoPago. Puedes solicitar pago v\u00eda transferencia bancaria, enviando un correo con tu n\u00famero de pedido a habemos@tiendacosmica.cl Para cualquier otra inquietud acerca del pago, puedes comunicarte con nosotros a hablemos@tiendacosmica.cl o a nuestro Whatsapp de [&hellip;]","og_url":"https:\/\/tiendacosmica.cl\/index.php\/medios-de-pago\/","og_site_name":"C\u00f3smica Joyas y Accesorios","article_modified_time":"2026-04-04T23:43:24+00:00","twitter_card":"summary_large_image","twitter_misc":{"Tiempo de lectura":"1 minuto"},"schema":{"@context":"https:\/\/schema.org","@graph":[{"@type":"WebPage","@id":"https:\/\/tiendacosmica.cl\/index.php\/medios-de-pago\/","url":"https:\/\/tiendacosmica.cl\/index.php\/medios-de-pago\/","name":"Medios de pago - C\u00f3smica Joyas y Accesorios","isPartOf":{"@id":"https:\/\/tiendacosmica.cl\/#website"},"datePublished":"2026-04-04T23:09:36+00:00","dateModified":"2026-04-04T23:43:24+00:00","breadcrumb":{"@id":"https:\/\/tiendacosmica.cl\/index.php\/medios-de-pago\/#breadcrumb"},"inLanguage":"es","potentialAction":[{"@type":"ReadAction","target":["https:\/\/tiendacosmica.cl\/index.php\/medios-de-pago\/"]}]},{"@type":"BreadcrumbList","@id":"https:\/\/tiendacosmica.cl\/index.php\/medios-de-pago\/#breadcrumb","itemListElement":[{"@type":"ListItem","position":1,"name":"Portada","item":"https:\/\/tiendacosmica.cl\/"},{"@type":"ListItem","position":2,"name":"Medios de pago"}]},{"@type":"WebSite","@id":"https:\/\/tiendacosmica.cl\/#website","url":"https:\/\/tiendacosmica.cl\/","name":"C\u00f3smica Joyas y Accesorios","description":"Tienda de joyer\u00eda con piedras naturales y accesorios. Hecho a mano.","publisher":{"@id":"https:\/\/tiendacosmica.cl\/#organization"},"potentialAction":[{"@type":"SearchAction","target":{"@type":"EntryPoint","urlTemplate":"https:\/\/tiendacosmica.cl\/?s={search_term_string}"},"query-input":{"@type":"PropertyValueSpecification","valueRequired":true,"valueName":"search_term_string"}}],"inLanguage":"es"},{"@type":"Organization","@id":"https:\/\/tiendacosmica.cl\/#organization","name":"C\u00f3smica Joyas y Accesorios","url":"https:\/\/tiendacosmica.cl\/","logo":{"@type":"ImageObject","inLanguage":"es","@id":"https:\/\/tiendacosmica.cl\/#\/schema\/logo\/image\/","url":"https:\/\/tiendacosmica.cl\/wp-content\/uploads\/2026\/01\/Logo-Cosmica-Monocromo-Negro-alpha.png","contentUrl":"https:\/\/tiendacosmica.cl\/wp-content\/uploads\/2026\/01\/Logo-Cosmica-Monocromo-Negro-alpha.png","width":1024,"height":1024,"caption":"C\u00f3smica Joyas y Accesorios"},"image":{"@id":"https:\/\/tiendacosmica.cl\/#\/schema\/logo\/image\/"},"sameAs":["https:\/\/www.instagram.com\/tienda.cosmica.joyas"]}]}},"jetpack_sharing_enabled":true,"_links":{"self":[{"href":"https:\/\/tiendacosmica.cl\/index.php\/wp-json\/wp\/v2\/pages\/608","targetHints":{"allow":["GET"]}}],"collection":[{"href":"https:\/\/tiendacosmica.cl\/index.php\/wp-json\/wp\/v2\/pages"}],"about":[{"href":"https:\/\/tiendacosmica.cl\/index.php\/wp-json\/wp\/v2\/types\/page"}],"author":[{"embeddable":true,"href":"https:\/\/tiendacosmica.cl\/index.php\/wp-json\/wp\/v2\/users\/1"}],"replies":[{"embeddable":true,"href":"https:\/\/tiendacosmica.cl\/index.php\/wp-json\/wp\/v2\/comments?post=608"}],"version-history":[{"count":16,"href":"https:\/\/tiendacosmica.cl\/index.php\/wp-json\/wp\/v2\/pages\/608\/revisions"}],"predecessor-version":[{"id":641,"href":"https:\/\/tiendacosmica.cl\/index.php\/wp-json\/wp\/v2\/pages\/608\/revisions\/641"}],"wp:attachment":[{"href":"https:\/\/tiendacosmica.cl\/index.php\/wp-json\/wp\/v2\/media?parent=608"}],"curies":[{"name":"wp","href":"https:\/\/api.w.org\/{rel}","templated":true}]}}