{"id":499,"date":"2026-02-25T00:01:36","date_gmt":"2026-02-25T00:01:36","guid":{"rendered":"https:\/\/tiendacosmica.cl\/?page_id=499"},"modified":"2026-02-25T00:10:41","modified_gmt":"2026-02-25T00:10:41","slug":"coleccion-ancestral","status":"publish","type":"page","link":"https:\/\/tiendacosmica.cl\/index.php\/coleccion-ancestral\/","title":{"rendered":"Colecci\u00f3n Ancestral"},"content":{"rendered":"\t\t<div data-elementor-type=\"wp-page\" data-elementor-id=\"499\" class=\"elementor elementor-499\" data-elementor-post-type=\"page\">\n\t\t\t\t\t\t<section class=\"elementor-section elementor-top-section elementor-element elementor-element-18c30ea elementor-section-full_width elementor-section-height-default elementor-section-height-default\" data-id=\"18c30ea\" data-element_type=\"section\">\n\t\t\t\t\t\t<div class=\"elementor-container elementor-column-gap-default\">\n\t\t\t\t\t<div class=\"elementor-column elementor-col-100 elementor-top-column elementor-element elementor-element-352b6aa\" data-id=\"352b6aa\" data-element_type=\"column\">\n\t\t\t<div class=\"elementor-widget-wrap elementor-element-populated\">\n\t\t\t\t\t\t<div class=\"elementor-element elementor-element-2a68bf2 elementor-widget elementor-widget-heading\" data-id=\"2a68bf2\" data-element_type=\"widget\" data-widget_type=\"heading.default\">\n\t\t\t\t\t<h2 class=\"elementor-heading-title elementor-size-default\">Colecci\u00f3n Ancestral<\/h2>\t\t\t\t<\/div>\n\t\t\t\t\t<\/div>\n\t\t<\/div>\n\t\t\t\t\t<\/div>\n\t\t<\/section>\n\t\t\t\t<section class=\"elementor-section elementor-top-section elementor-element elementor-element-350db9d elementor-section-boxed elementor-section-height-default elementor-section-height-default\" data-id=\"350db9d\" data-element_type=\"section\">\n\t\t\t\t\t\t<div class=\"elementor-container elementor-column-gap-default\">\n\t\t\t\t\t<div class=\"elementor-column elementor-col-100 elementor-top-column elementor-element elementor-element-0456110\" data-id=\"0456110\" data-element_type=\"column\">\n\t\t\t<div class=\"elementor-widget-wrap elementor-element-populated\">\n\t\t\t\t\t\t<div class=\"elementor-element elementor-element-e7fbf23 elementor-grid-5 elementor-grid-tablet-2 elementor-grid-mobile-1 elementor-widget elementor-widget-portfolio\" data-id=\"e7fbf23\" data-element_type=\"widget\" data-settings=\"{&quot;columns&quot;:&quot;5&quot;,&quot;item_ratio&quot;:{&quot;unit&quot;:&quot;px&quot;,&quot;size&quot;:0.9499999999999999555910790149937383830547332763671875,&quot;sizes&quot;:[]},&quot;columns_tablet&quot;:&quot;2&quot;,&quot;columns_mobile&quot;:&quot;1&quot;,&quot;item_gap&quot;:{&quot;unit&quot;:&quot;px&quot;,&quot;size&quot;:&quot;&quot;,&quot;sizes&quot;:[]},&quot;row_gap&quot;:{&quot;unit&quot;:&quot;px&quot;,&quot;size&quot;:&quot;&quot;,&quot;sizes&quot;:[]}}\" data-widget_type=\"portfolio.default\">\n\t\t\t\t<div class=\"elementor-widget-container\">\n\t\t\t\t\t\t\t<div class=\"elementor-portfolio elementor-grid elementor-posts-container\" role=\"list\">\n\t\t\t\t<article class=\"elementor-portfolio-item elementor-post  post-261 product type-product status-publish has-post-thumbnail product_cat-acero-inox304 product_cat-coleccion-ancestral product_cat-collares product_cat-hecho-a-mano product_cat-piedras-naturales product_tag-destacado first instock sale shipping-taxable purchasable product-type-simple\" role=\"listitem\">\n\t\t\t<a class=\"elementor-post__thumbnail__link\" href=\"https:\/\/tiendacosmica.cl\/index.php\/producto\/collar-quilla\/\">\n\t\t\t\t<div class=\"elementor-portfolio-item__img elementor-post__thumbnail\">\n\t\t\t<img fetchpriority=\"high\" decoding=\"async\" width=\"300\" height=\"300\" src=\"https:\/\/tiendacosmica.cl\/wp-content\/uploads\/2026\/02\/Collar-Quilla2-300x300.jpg\" class=\"attachment-medium size-medium wp-image-495\" alt=\"Collar Quilla\" srcset=\"https:\/\/tiendacosmica.cl\/wp-content\/uploads\/2026\/02\/Collar-Quilla2-300x300.jpg 300w, https:\/\/tiendacosmica.cl\/wp-content\/uploads\/2026\/02\/Collar-Quilla2-150x150.jpg 150w, https:\/\/tiendacosmica.cl\/wp-content\/uploads\/2026\/02\/Collar-Quilla2-768x768.jpg 768w, https:\/\/tiendacosmica.cl\/wp-content\/uploads\/2026\/02\/Collar-Quilla2-600x600.jpg 600w, https:\/\/tiendacosmica.cl\/wp-content\/uploads\/2026\/02\/Collar-Quilla2-100x100.jpg 100w, https:\/\/tiendacosmica.cl\/wp-content\/uploads\/2026\/02\/Collar-Quilla2.jpg 1000w\" sizes=\"(max-width: 300px) 100vw, 300px\" \/>\t\t<\/div>\n\t\t\t\t<div class=\"elementor-portfolio-item__overlay\">\n\t\t\t\t<h3 class=\"elementor-portfolio-item__title\">\n\t\tCollar Quilla\t\t<\/h3>\n\t\t\t\t<\/div>\n\t\t\t\t<\/a>\n\t\t<\/article>\n\t\t\t\t<\/div>\n\t\t\t\t\t\t<\/div>\n\t\t\t\t<\/div>\n\t\t\t\t\t<\/div>\n\t\t<\/div>\n\t\t\t\t\t<\/div>\n\t\t<\/section>\n\t\t\t\t<\/div>\n\t\t","protected":false},"excerpt":{"rendered":"<p>Colecci\u00f3n Ancestral<\/p>\n","protected":false},"author":1,"featured_media":0,"parent":0,"menu_order":0,"comment_status":"closed","ping_status":"closed","template":"","meta":{"footnotes":""},"class_list":["post-499","page","type-page","status-publish","hentry"],"yoast_head":"<!-- This site is optimized with the Yoast SEO plugin v27.5 - https:\/\/yoast.com\/product\/yoast-seo-wordpress\/ -->\n<title>Colecci\u00f3n Ancestral - C\u00f3smica Joyas y Accesorios<\/title>\n<meta name=\"robots\" content=\"index, follow, max-snippet:-1, max-image-preview:large, max-video-preview:-1\" \/>\n<link rel=\"canonical\" href=\"https:\/\/tiendacosmica.cl\/index.php\/coleccion-ancestral\/\" \/>\n<meta property=\"og:locale\" content=\"es_ES\" \/>\n<meta property=\"og:type\" content=\"article\" \/>\n<meta property=\"og:title\" content=\"Colecci\u00f3n Ancestral - C\u00f3smica Joyas y Accesorios\" \/>\n<meta property=\"og:description\" content=\"Colecci\u00f3n Ancestral\" \/>\n<meta property=\"og:url\" content=\"https:\/\/tiendacosmica.cl\/index.php\/coleccion-ancestral\/\" \/>\n<meta property=\"og:site_name\" content=\"C\u00f3smica Joyas y Accesorios\" \/>\n<meta property=\"article:modified_time\" content=\"2026-02-25T00:10:41+00:00\" \/>\n<meta name=\"twitter:card\" content=\"summary_large_image\" \/>\n<meta name=\"twitter:label1\" content=\"Tiempo de lectura\" \/>\n\t<meta name=\"twitter:data1\" content=\"1 minuto\" \/>\n<script type=\"application\/ld+json\" class=\"yoast-schema-graph\">{\"@context\":\"https:\\\/\\\/schema.org\",\"@graph\":[{\"@type\":\"WebPage\",\"@id\":\"https:\\\/\\\/tiendacosmica.cl\\\/index.php\\\/coleccion-ancestral\\\/\",\"url\":\"https:\\\/\\\/tiendacosmica.cl\\\/index.php\\\/coleccion-ancestral\\\/\",\"name\":\"Colecci\u00f3n Ancestral - C\u00f3smica Joyas y Accesorios\",\"isPartOf\":{\"@id\":\"https:\\\/\\\/tiendacosmica.cl\\\/#website\"},\"datePublished\":\"2026-02-25T00:01:36+00:00\",\"dateModified\":\"2026-02-25T00:10:41+00:00\",\"breadcrumb\":{\"@id\":\"https:\\\/\\\/tiendacosmica.cl\\\/index.php\\\/coleccion-ancestral\\\/#breadcrumb\"},\"inLanguage\":\"es\",\"potentialAction\":[{\"@type\":\"ReadAction\",\"target\":[\"https:\\\/\\\/tiendacosmica.cl\\\/index.php\\\/coleccion-ancestral\\\/\"]}]},{\"@type\":\"BreadcrumbList\",\"@id\":\"https:\\\/\\\/tiendacosmica.cl\\\/index.php\\\/coleccion-ancestral\\\/#breadcrumb\",\"itemListElement\":[{\"@type\":\"ListItem\",\"position\":1,\"name\":\"Portada\",\"item\":\"https:\\\/\\\/tiendacosmica.cl\\\/\"},{\"@type\":\"ListItem\",\"position\":2,\"name\":\"Colecci\u00f3n Ancestral\"}]},{\"@type\":\"WebSite\",\"@id\":\"https:\\\/\\\/tiendacosmica.cl\\\/#website\",\"url\":\"https:\\\/\\\/tiendacosmica.cl\\\/\",\"name\":\"C\u00f3smica Joyas y Accesorios\",\"description\":\"Tienda de joyer\u00eda con piedras naturales y accesorios. Hecho a mano.\",\"publisher\":{\"@id\":\"https:\\\/\\\/tiendacosmica.cl\\\/#organization\"},\"potentialAction\":[{\"@type\":\"SearchAction\",\"target\":{\"@type\":\"EntryPoint\",\"urlTemplate\":\"https:\\\/\\\/tiendacosmica.cl\\\/?s={search_term_string}\"},\"query-input\":{\"@type\":\"PropertyValueSpecification\",\"valueRequired\":true,\"valueName\":\"search_term_string\"}}],\"inLanguage\":\"es\"},{\"@type\":\"Organization\",\"@id\":\"https:\\\/\\\/tiendacosmica.cl\\\/#organization\",\"name\":\"C\u00f3smica Joyas y Accesorios\",\"url\":\"https:\\\/\\\/tiendacosmica.cl\\\/\",\"logo\":{\"@type\":\"ImageObject\",\"inLanguage\":\"es\",\"@id\":\"https:\\\/\\\/tiendacosmica.cl\\\/#\\\/schema\\\/logo\\\/image\\\/\",\"url\":\"https:\\\/\\\/tiendacosmica.cl\\\/wp-content\\\/uploads\\\/2026\\\/01\\\/Logo-Cosmica-Monocromo-Negro-alpha.png\",\"contentUrl\":\"https:\\\/\\\/tiendacosmica.cl\\\/wp-content\\\/uploads\\\/2026\\\/01\\\/Logo-Cosmica-Monocromo-Negro-alpha.png\",\"width\":1024,\"height\":1024,\"caption\":\"C\u00f3smica Joyas y Accesorios\"},\"image\":{\"@id\":\"https:\\\/\\\/tiendacosmica.cl\\\/#\\\/schema\\\/logo\\\/image\\\/\"},\"sameAs\":[\"https:\\\/\\\/www.instagram.com\\\/tienda.cosmica.joyas\"]}]}<\/script>\n<!-- \/ Yoast SEO plugin. -->","yoast_head_json":{"title":"Colecci\u00f3n Ancestral - C\u00f3smica Joyas y Accesorios","robots":{"index":"index","follow":"follow","max-snippet":"max-snippet:-1","max-image-preview":"max-image-preview:large","max-video-preview":"max-video-preview:-1"},"canonical":"https:\/\/tiendacosmica.cl\/index.php\/coleccion-ancestral\/","og_locale":"es_ES","og_type":"article","og_title":"Colecci\u00f3n Ancestral - C\u00f3smica Joyas y Accesorios","og_description":"Colecci\u00f3n Ancestral","og_url":"https:\/\/tiendacosmica.cl\/index.php\/coleccion-ancestral\/","og_site_name":"C\u00f3smica Joyas y Accesorios","article_modified_time":"2026-02-25T00:10:41+00:00","twitter_card":"summary_large_image","twitter_misc":{"Tiempo de lectura":"1 minuto"},"schema":{"@context":"https:\/\/schema.org","@graph":[{"@type":"WebPage","@id":"https:\/\/tiendacosmica.cl\/index.php\/coleccion-ancestral\/","url":"https:\/\/tiendacosmica.cl\/index.php\/coleccion-ancestral\/","name":"Colecci\u00f3n Ancestral - C\u00f3smica Joyas y Accesorios","isPartOf":{"@id":"https:\/\/tiendacosmica.cl\/#website"},"datePublished":"2026-02-25T00:01:36+00:00","dateModified":"2026-02-25T00:10:41+00:00","breadcrumb":{"@id":"https:\/\/tiendacosmica.cl\/index.php\/coleccion-ancestral\/#breadcrumb"},"inLanguage":"es","potentialAction":[{"@type":"ReadAction","target":["https:\/\/tiendacosmica.cl\/index.php\/coleccion-ancestral\/"]}]},{"@type":"BreadcrumbList","@id":"https:\/\/tiendacosmica.cl\/index.php\/coleccion-ancestral\/#breadcrumb","itemListElement":[{"@type":"ListItem","position":1,"name":"Portada","item":"https:\/\/tiendacosmica.cl\/"},{"@type":"ListItem","position":2,"name":"Colecci\u00f3n Ancestral"}]},{"@type":"WebSite","@id":"https:\/\/tiendacosmica.cl\/#website","url":"https:\/\/tiendacosmica.cl\/","name":"C\u00f3smica Joyas y Accesorios","description":"Tienda de joyer\u00eda con piedras naturales y accesorios. Hecho a mano.","publisher":{"@id":"https:\/\/tiendacosmica.cl\/#organization"},"potentialAction":[{"@type":"SearchAction","target":{"@type":"EntryPoint","urlTemplate":"https:\/\/tiendacosmica.cl\/?s={search_term_string}"},"query-input":{"@type":"PropertyValueSpecification","valueRequired":true,"valueName":"search_term_string"}}],"inLanguage":"es"},{"@type":"Organization","@id":"https:\/\/tiendacosmica.cl\/#organization","name":"C\u00f3smica Joyas y Accesorios","url":"https:\/\/tiendacosmica.cl\/","logo":{"@type":"ImageObject","inLanguage":"es","@id":"https:\/\/tiendacosmica.cl\/#\/schema\/logo\/image\/","url":"https:\/\/tiendacosmica.cl\/wp-content\/uploads\/2026\/01\/Logo-Cosmica-Monocromo-Negro-alpha.png","contentUrl":"https:\/\/tiendacosmica.cl\/wp-content\/uploads\/2026\/01\/Logo-Cosmica-Monocromo-Negro-alpha.png","width":1024,"height":1024,"caption":"C\u00f3smica Joyas y Accesorios"},"image":{"@id":"https:\/\/tiendacosmica.cl\/#\/schema\/logo\/image\/"},"sameAs":["https:\/\/www.instagram.com\/tienda.cosmica.joyas"]}]}},"jetpack_sharing_enabled":true,"_links":{"self":[{"href":"https:\/\/tiendacosmica.cl\/index.php\/wp-json\/wp\/v2\/pages\/499","targetHints":{"allow":["GET"]}}],"collection":[{"href":"https:\/\/tiendacosmica.cl\/index.php\/wp-json\/wp\/v2\/pages"}],"about":[{"href":"https:\/\/tiendacosmica.cl\/index.php\/wp-json\/wp\/v2\/types\/page"}],"author":[{"embeddable":true,"href":"https:\/\/tiendacosmica.cl\/index.php\/wp-json\/wp\/v2\/users\/1"}],"replies":[{"embeddable":true,"href":"https:\/\/tiendacosmica.cl\/index.php\/wp-json\/wp\/v2\/comments?post=499"}],"version-history":[{"count":19,"href":"https:\/\/tiendacosmica.cl\/index.php\/wp-json\/wp\/v2\/pages\/499\/revisions"}],"predecessor-version":[{"id":519,"href":"https:\/\/tiendacosmica.cl\/index.php\/wp-json\/wp\/v2\/pages\/499\/revisions\/519"}],"wp:attachment":[{"href":"https:\/\/tiendacosmica.cl\/index.php\/wp-json\/wp\/v2\/media?parent=499"}],"curies":[{"name":"wp","href":"https:\/\/api.w.org\/{rel}","templated":true}]}}